{"id":814,"date":"2024-06-27T16:49:12","date_gmt":"2024-06-27T16:49:12","guid":{"rendered":"https:\/\/momentumpr.com\/?page_id=814"},"modified":"2026-05-13T18:58:03","modified_gmt":"2026-05-13T18:58:03","slug":"avis-juridique","status":"publish","type":"page","link":"https:\/\/momentumpr.com\/fr\/avis-juridique\/","title":{"rendered":"Avis Juridique"},"content":{"rendered":"<div class=\"vce-row-container\" data-vce-boxed-width=\"true\">\n<div id=\"el-9a938fb3\" class=\"vce-row vce-row--col-gap-30 pl-40 pr-40 pt-100 pb-180 vce-row-equal-height vce-row-content--top\" data-vce-do-apply=\"all el-9a938fb3\">\n<div class=\"vce-row-content\" data-vce-element-content=\"true\">\n<div id=\"el-6a313b63\" class=\"vce-col vce-col--md-auto vce-col--xs-1 vce-col--xs-last vce-col--xs-first vce-col--sm-last vce-col--sm-first vce-col--md-last vce-col--lg-last vce-col--xl-last vce-col--md-first vce-col--lg-first vce-col--xl-first\">\n<div class=\"vce-col-inner\" data-vce-do-apply=\"border margin background el-6a313b63\">\n<div class=\"vce-col-content\" data-vce-element-content=\"true\" data-vce-do-apply=\"padding el-6a313b63\">\n<div class=\"vce-text-block\">\n<div id=\"el-cb380042\" class=\"vce-text-block-wrapper vce\" data-vce-do-apply=\"all el-cb380042\">\n<h1 class=\"fs140\">Avis Juridique<\/h1>\n<h2 class=\"pb-30\"><\/h2>\n<\/div>\n<\/div>\n<\/div>\n<\/div>\n<\/div>\n<\/div>\n<\/div>\n<\/div>\n<div class=\"vce-row-container\" data-vce-boxed-width=\"true\">\n<div id=\"el-b83f59e8\" class=\"vce-row vce-row--col-gap-30 pl-40 pr-40 pb-50 vce-row-equal-height vce-row-content--top\" data-vce-do-apply=\"all el-b83f59e8\">\n<div class=\"vce-row-content\" data-vce-element-content=\"true\">\n<div id=\"el-66c4be46\" class=\"vce-col vce-col--md-auto vce-col--xs-1 vce-col--xs-last vce-col--xs-first vce-col--sm-last vce-col--sm-first vce-col--md-last vce-col--lg-last vce-col--xl-last vce-col--md-first vce-col--lg-first vce-col--xl-first\">\n<div class=\"vce-col-inner\" data-vce-do-apply=\"border margin background el-66c4be46\">\n<div class=\"vce-col-content\" data-vce-element-content=\"true\" data-vce-do-apply=\"padding el-66c4be46\">\n<div class=\"vce-text-block pb-30\">\n<div id=\"el-572df0ca\" class=\"vce-text-block-wrapper vce\" data-vce-do-apply=\"all el-572df0ca\">\n<h2 class=\"pb-30\">Divulgation et avertissement<\/h2>\n<p data-start=\"135\" data-end=\"588\">Momentum Relations Publiques Inc. (\u00ab Momentum PR \u00bb, \u00ab MPR \u00bb, \u00ab nous \u00bb, \u00ab notre \u00bb ou \u00ab nos \u00bb) est une firme sp\u00e9cialis\u00e9e en marketing, relations publiques et sensibilisation des investisseurs. \u00c0 l\u2019occasion, Momentum PR et\/ou ses clients peuvent pr\u00e9parer et diffuser du contenu num\u00e9rique par l\u2019entremise de sites web, communications par courriel, infolettres et plateformes de m\u00e9dias sociaux pour des soci\u00e9t\u00e9s ouvertes cot\u00e9es en bourse (les \u00ab \u00c9metteurs \u00bb).<\/p>\n<p data-start=\"590\" data-end=\"782\">Momentum PR a \u00e9t\u00e9 retenue et r\u00e9mun\u00e9r\u00e9e par certains \u00c9metteurs afin de fournir des services de publicit\u00e9, marketing, relations publiques, sensibilisation des investisseurs et\/ou communications.<\/p>\n<p data-start=\"784\" data-end=\"1125\">Momentum PR, ses dirigeants, employ\u00e9s, affili\u00e9s et\/ou parties li\u00e9es peuvent d\u00e9tenir, acheter ou vendre des titres des \u00c9metteurs mentionn\u00e9s dans le contenu diffus\u00e9 et peuvent augmenter ou r\u00e9duire ces positions \u00e0 tout moment, sans pr\u00e9avis. Par cons\u00e9quent, Momentum PR peut avoir un int\u00e9r\u00eat financier dans la performance des \u00c9metteurs discut\u00e9s.<\/p>\n<p data-start=\"1127\" data-end=\"1487\">Les informations contenues dans le contenu diffus\u00e9 sont fournies uniquement \u00e0 des fins d\u2019information et de marketing et ne constituent pas des conseils en placement, des conseils financiers, une offre de vente ni une sollicitation d\u2019achat de titres. Rien dans le pr\u00e9sent contenu ne doit \u00eatre interpr\u00e9t\u00e9 comme une recommandation d\u2019acheter ou de vendre un titre.<\/p>\n<p data-start=\"1489\" data-end=\"1838\">Investir dans des titres de soci\u00e9t\u00e9s ouvertes comporte des risques importants, incluant la possibilit\u00e9 de perdre la totalit\u00e9 ou une partie du capital investi. Les lecteurs sont encourag\u00e9s \u00e0 effectuer leurs propres recherches et v\u00e9rifications diligentes et \u00e0 consulter un conseiller financier inscrit avant de prendre toute d\u00e9cision d\u2019investissement.<\/p>\n<p data-start=\"1840\" data-end=\"2348\">Certaines d\u00e9clarations contenues dans le contenu diffus\u00e9 peuvent constituer de l\u2019information prospective au sens des lois applicables en valeurs mobili\u00e8res. Les d\u00e9clarations prospectives reposent sur des hypoth\u00e8ses et attentes qui, bien que jug\u00e9es raisonnables, sont assujetties \u00e0 des risques, incertitudes et autres facteurs pouvant faire en sorte que les r\u00e9sultats r\u00e9els diff\u00e8rent sensiblement de ceux exprim\u00e9s ou sous-entendus. Les lecteurs ne devraient pas se fier ind\u00fbment aux d\u00e9clarations prospectives.<\/p>\n<p data-start=\"2350\" data-end=\"2584\">Momentum PR ne fait aucune d\u00e9claration ni garantie quant \u00e0 l\u2019exactitude, l\u2019exhaustivit\u00e9 ou l\u2019actualit\u00e9 des informations fournies et n\u2019assume aucune obligation de mettre \u00e0 jour ces informations, sauf si requis par les lois applicables.<\/p>\n<p data-start=\"2586\" data-end=\"2712\" data-is-last-node=\"\" data-is-only-node=\"\">En acc\u00e9dant \u00e0 ce site web ou \u00e0 tout contenu associ\u00e9, vous reconnaissez avoir lu, compris et accept\u00e9 le pr\u00e9sent avis juridique.<\/p>\n<\/div>\n<\/div>\n<\/div>\n<\/div>\n<\/div>\n<\/div>\n<\/div>\n<\/div>\n","protected":false},"excerpt":{"rendered":"<p>Avis Juridique Divulgation et avertissement Momentum Relations Publiques Inc. (\u00ab Momentum PR \u00bb, \u00ab MPR \u00bb, \u00ab nous \u00bb, \u00ab notre \u00bb ou \u00ab nos \u00bb) est une firme sp\u00e9cialis\u00e9e en marketing, relations publiques et sensibilisation des investisseurs. \u00c0 l\u2019occasion, Momentum PR et\/ou ses clients peuvent pr\u00e9parer et diffuser du contenu num\u00e9rique par l\u2019entremise de [&hellip;]<\/p>\n","protected":false},"author":4,"featured_media":0,"parent":0,"menu_order":0,"comment_status":"closed","ping_status":"closed","template":"","meta":{"_acf_changed":false,"content-type":"","footnotes":""},"class_list":["post-814","page","type-page","status-publish","hentry"],"acf":[],"yoast_head":"<!-- This site is optimized with the Yoast SEO plugin v27.2 - https:\/\/yoast.com\/product\/yoast-seo-wordpress\/ -->\n<title>Avis Juridique - Momentum PR<\/title>\n<meta name=\"robots\" content=\"index, follow, max-snippet:-1, max-image-preview:large, max-video-preview:-1\" \/>\n<link rel=\"canonical\" href=\"https:\/\/momentumpr.com\/fr\/avis-juridique\/\" \/>\n<meta property=\"og:locale\" content=\"fr_FR\" \/>\n<meta property=\"og:type\" content=\"article\" \/>\n<meta property=\"og:title\" content=\"Avis Juridique - Momentum PR\" \/>\n<meta property=\"og:description\" content=\"Avis Juridique Divulgation et avertissement Momentum Relations Publiques Inc. (\u00ab Momentum PR \u00bb, \u00ab MPR \u00bb, \u00ab nous \u00bb, \u00ab notre \u00bb ou \u00ab nos \u00bb) est une firme sp\u00e9cialis\u00e9e en marketing, relations publiques et sensibilisation des investisseurs. \u00c0 l\u2019occasion, Momentum PR et\/ou ses clients peuvent pr\u00e9parer et diffuser du contenu num\u00e9rique par l\u2019entremise de [&hellip;]\" \/>\n<meta property=\"og:url\" content=\"https:\/\/momentumpr.com\/fr\/avis-juridique\/\" \/>\n<meta property=\"og:site_name\" content=\"Momentum PR\" \/>\n<meta property=\"article:publisher\" content=\"https:\/\/www.facebook.com\/momentumpr.ca\/\" \/>\n<meta property=\"article:modified_time\" content=\"2026-05-13T18:58:03+00:00\" \/>\n<meta name=\"twitter:card\" content=\"summary_large_image\" \/>\n<meta name=\"twitter:site\" content=\"@Momentum_PR\" \/>\n<meta name=\"twitter:label1\" content=\"Dur\u00e9e de lecture estim\u00e9e\" \/>\n\t<meta name=\"twitter:data1\" content=\"2 minutes\" \/>\n<script type=\"application\/ld+json\" class=\"yoast-schema-graph\">{\"@context\":\"https:\/\/schema.org\",\"@graph\":[{\"@type\":\"WebPage\",\"@id\":\"https:\/\/momentumpr.com\/fr\/avis-juridique\/\",\"url\":\"https:\/\/momentumpr.com\/fr\/avis-juridique\/\",\"name\":\"Avis Juridique - Momentum PR\",\"isPartOf\":{\"@id\":\"https:\/\/momentumpr.com\/fr\/#website\"},\"datePublished\":\"2024-06-27T16:49:12+00:00\",\"dateModified\":\"2026-05-13T18:58:03+00:00\",\"breadcrumb\":{\"@id\":\"https:\/\/momentumpr.com\/fr\/avis-juridique\/#breadcrumb\"},\"inLanguage\":\"fr-FR\",\"potentialAction\":[{\"@type\":\"ReadAction\",\"target\":[\"https:\/\/momentumpr.com\/fr\/avis-juridique\/\"]}]},{\"@type\":\"BreadcrumbList\",\"@id\":\"https:\/\/momentumpr.com\/fr\/avis-juridique\/#breadcrumb\",\"itemListElement\":[{\"@type\":\"ListItem\",\"position\":1,\"name\":\"Accueil\",\"item\":\"https:\/\/momentumpr.com\/fr\/\"},{\"@type\":\"ListItem\",\"position\":2,\"name\":\"Avis Juridique\"}]},{\"@type\":\"WebSite\",\"@id\":\"https:\/\/momentumpr.com\/fr\/#website\",\"url\":\"https:\/\/momentumpr.com\/fr\/\",\"name\":\"Momentum PR\",\"description\":\"\",\"publisher\":{\"@id\":\"https:\/\/momentumpr.com\/fr\/#organization\"},\"potentialAction\":[{\"@type\":\"SearchAction\",\"target\":{\"@type\":\"EntryPoint\",\"urlTemplate\":\"https:\/\/momentumpr.com\/fr\/?s={search_term_string}\"},\"query-input\":{\"@type\":\"PropertyValueSpecification\",\"valueRequired\":true,\"valueName\":\"search_term_string\"}}],\"inLanguage\":\"fr-FR\"},{\"@type\":\"Organization\",\"@id\":\"https:\/\/momentumpr.com\/fr\/#organization\",\"name\":\"Momentum PR\",\"url\":\"https:\/\/momentumpr.com\/fr\/\",\"logo\":{\"@type\":\"ImageObject\",\"inLanguage\":\"fr-FR\",\"@id\":\"https:\/\/momentumpr.com\/fr\/#\/schema\/logo\/image\/\",\"url\":\"https:\/\/momentumpr.com\/wp-content\/uploads\/2024\/06\/Logo-Momentum.svg\",\"contentUrl\":\"https:\/\/momentumpr.com\/wp-content\/uploads\/2024\/06\/Logo-Momentum.svg\",\"width\":91,\"height\":70,\"caption\":\"Momentum PR\"},\"image\":{\"@id\":\"https:\/\/momentumpr.com\/fr\/#\/schema\/logo\/image\/\"},\"sameAs\":[\"https:\/\/www.facebook.com\/momentumpr.ca\/\",\"https:\/\/x.com\/Momentum_PR\",\"https:\/\/www.linkedin.com\/in\/momentum-pr-baa30b50\/\"]}]}<\/script>\n<!-- \/ Yoast SEO plugin. -->","yoast_head_json":{"title":"Avis Juridique - Momentum PR","robots":{"index":"index","follow":"follow","max-snippet":"max-snippet:-1","max-image-preview":"max-image-preview:large","max-video-preview":"max-video-preview:-1"},"canonical":"https:\/\/momentumpr.com\/fr\/avis-juridique\/","og_locale":"fr_FR","og_type":"article","og_title":"Avis Juridique - Momentum PR","og_description":"Avis Juridique Divulgation et avertissement Momentum Relations Publiques Inc. (\u00ab Momentum PR \u00bb, \u00ab MPR \u00bb, \u00ab nous \u00bb, \u00ab notre \u00bb ou \u00ab nos \u00bb) est une firme sp\u00e9cialis\u00e9e en marketing, relations publiques et sensibilisation des investisseurs. \u00c0 l\u2019occasion, Momentum PR et\/ou ses clients peuvent pr\u00e9parer et diffuser du contenu num\u00e9rique par l\u2019entremise de [&hellip;]","og_url":"https:\/\/momentumpr.com\/fr\/avis-juridique\/","og_site_name":"Momentum PR","article_publisher":"https:\/\/www.facebook.com\/momentumpr.ca\/","article_modified_time":"2026-05-13T18:58:03+00:00","twitter_card":"summary_large_image","twitter_site":"@Momentum_PR","twitter_misc":{"Dur\u00e9e de lecture estim\u00e9e":"2 minutes"},"schema":{"@context":"https:\/\/schema.org","@graph":[{"@type":"WebPage","@id":"https:\/\/momentumpr.com\/fr\/avis-juridique\/","url":"https:\/\/momentumpr.com\/fr\/avis-juridique\/","name":"Avis Juridique - Momentum PR","isPartOf":{"@id":"https:\/\/momentumpr.com\/fr\/#website"},"datePublished":"2024-06-27T16:49:12+00:00","dateModified":"2026-05-13T18:58:03+00:00","breadcrumb":{"@id":"https:\/\/momentumpr.com\/fr\/avis-juridique\/#breadcrumb"},"inLanguage":"fr-FR","potentialAction":[{"@type":"ReadAction","target":["https:\/\/momentumpr.com\/fr\/avis-juridique\/"]}]},{"@type":"BreadcrumbList","@id":"https:\/\/momentumpr.com\/fr\/avis-juridique\/#breadcrumb","itemListElement":[{"@type":"ListItem","position":1,"name":"Accueil","item":"https:\/\/momentumpr.com\/fr\/"},{"@type":"ListItem","position":2,"name":"Avis Juridique"}]},{"@type":"WebSite","@id":"https:\/\/momentumpr.com\/fr\/#website","url":"https:\/\/momentumpr.com\/fr\/","name":"Momentum PR","description":"","publisher":{"@id":"https:\/\/momentumpr.com\/fr\/#organization"},"potentialAction":[{"@type":"SearchAction","target":{"@type":"EntryPoint","urlTemplate":"https:\/\/momentumpr.com\/fr\/?s={search_term_string}"},"query-input":{"@type":"PropertyValueSpecification","valueRequired":true,"valueName":"search_term_string"}}],"inLanguage":"fr-FR"},{"@type":"Organization","@id":"https:\/\/momentumpr.com\/fr\/#organization","name":"Momentum PR","url":"https:\/\/momentumpr.com\/fr\/","logo":{"@type":"ImageObject","inLanguage":"fr-FR","@id":"https:\/\/momentumpr.com\/fr\/#\/schema\/logo\/image\/","url":"https:\/\/momentumpr.com\/wp-content\/uploads\/2024\/06\/Logo-Momentum.svg","contentUrl":"https:\/\/momentumpr.com\/wp-content\/uploads\/2024\/06\/Logo-Momentum.svg","width":91,"height":70,"caption":"Momentum PR"},"image":{"@id":"https:\/\/momentumpr.com\/fr\/#\/schema\/logo\/image\/"},"sameAs":["https:\/\/www.facebook.com\/momentumpr.ca\/","https:\/\/x.com\/Momentum_PR","https:\/\/www.linkedin.com\/in\/momentum-pr-baa30b50\/"]}]}},"_links":{"self":[{"href":"https:\/\/momentumpr.com\/fr\/wp-json\/wp\/v2\/pages\/814","targetHints":{"allow":["GET"]}}],"collection":[{"href":"https:\/\/momentumpr.com\/fr\/wp-json\/wp\/v2\/pages"}],"about":[{"href":"https:\/\/momentumpr.com\/fr\/wp-json\/wp\/v2\/types\/page"}],"author":[{"embeddable":true,"href":"https:\/\/momentumpr.com\/fr\/wp-json\/wp\/v2\/users\/4"}],"replies":[{"embeddable":true,"href":"https:\/\/momentumpr.com\/fr\/wp-json\/wp\/v2\/comments?post=814"}],"version-history":[{"count":2,"href":"https:\/\/momentumpr.com\/fr\/wp-json\/wp\/v2\/pages\/814\/revisions"}],"predecessor-version":[{"id":820,"href":"https:\/\/momentumpr.com\/fr\/wp-json\/wp\/v2\/pages\/814\/revisions\/820"}],"wp:attachment":[{"href":"https:\/\/momentumpr.com\/fr\/wp-json\/wp\/v2\/media?parent=814"}],"curies":[{"name":"wp","href":"https:\/\/api.w.org\/{rel}","templated":true}]}}