{"id":443,"date":"2024-06-27T07:57:46","date_gmt":"2024-06-27T07:57:46","guid":{"rendered":"https:\/\/momentumpr.com\/?page_id=443"},"modified":"2024-07-08T08:50:48","modified_gmt":"2024-07-08T08:50:48","slug":"politique-de-confidentialite","status":"publish","type":"page","link":"https:\/\/momentumpr.com\/fr\/politique-de-confidentialite\/","title":{"rendered":"Politique de confidentialit\u00e9"},"content":{"rendered":"<div class=\"vce-row-container\" data-vce-boxed-width=\"true\"><div class=\"vce-row vce-row--col-gap-30 pl-40 pr-40 pt-100 pb-180 vce-row-equal-height vce-row-content--top\" id=\"el-6b125c0c\" data-vce-do-apply=\"all el-6b125c0c\"><div class=\"vce-row-content\" data-vce-element-content=\"true\"><div class=\"vce-col vce-col--md-auto vce-col--xs-1 vce-col--xs-last vce-col--xs-first vce-col--sm-last vce-col--sm-first vce-col--md-last vce-col--lg-last vce-col--xl-last vce-col--md-first vce-col--lg-first vce-col--xl-first\" id=\"el-1cddec19\"><div class=\"vce-col-inner\" data-vce-do-apply=\"border margin background  el-1cddec19\"><div class=\"vce-col-content\" data-vce-element-content=\"true\" data-vce-do-apply=\"padding el-1cddec19\"><div class=\"vce-text-block\"><div class=\"vce-text-block-wrapper vce\" id=\"el-14afa607\" data-vce-do-apply=\"all el-14afa607\"><h1 class=\"fs140\">Politique de confidentialit\u00e9<\/h1>\n<\/div><\/div><\/div><\/div><\/div><\/div><\/div><\/div><div class=\"vce-row-container\" data-vce-boxed-width=\"true\"><div class=\"vce-row vce-row--col-gap-30 pl-40 pr-40 pb-50 vce-row-equal-height vce-row-content--top\" id=\"el-8f507c19\" data-vce-do-apply=\"all el-8f507c19\"><div class=\"vce-row-content\" data-vce-element-content=\"true\"><div class=\"vce-col vce-col--md-auto vce-col--xs-1 vce-col--xs-last vce-col--xs-first vce-col--sm-last vce-col--sm-first vce-col--md-last vce-col--lg-last vce-col--xl-last vce-col--md-first vce-col--lg-first vce-col--xl-first\" id=\"el-e9796cab\"><div class=\"vce-col-inner\" data-vce-do-apply=\"border margin background  el-e9796cab\"><div class=\"vce-col-content\" data-vce-element-content=\"true\" data-vce-do-apply=\"padding el-e9796cab\"><div class=\"vce-text-block pb-30\"><div class=\"vce-text-block-wrapper vce\" id=\"el-a21fe3bd\" data-vce-do-apply=\"all el-a21fe3bd\"><h2 class=\"pb-30\">Introduction<\/h2>\n<p>MomentumPR (\u00ab nous \u00bb) s'engage \u00e0 prot\u00e9ger votre vie priv\u00e9e. Cette politique de confidentialit\u00e9 explique comment nous recueillons, utilisons, divulguons et prot\u00e9geons vos informations lorsque vous visitez notre site web www.momentumpr.com, utilisez nos services ou interagissez avec nous par divers canaux de communication.<\/p>\n<\/div><\/div><div class=\"vce-text-block pb-30\"><div class=\"vce-text-block-wrapper vce\" id=\"el-08f5441a\" data-vce-do-apply=\"all el-08f5441a\"><h2 class=\"pb-30\">Informations que nous recueillons<\/h2>\n<ul>\n<li><strong>Informations personnelles<\/strong>:\n<ul class=\"pb-25\" style=\"padding-inline-start: 20px; list-style-type: disc;\">\n<li>Nom<\/li>\n<li>Adresse courriel<\/li>\n<li>Num\u00e9ro de t\u00e9l\u00e9phone<\/li>\n<li>Adresse postale<\/li>\n<li>Titre du poste et informations sur l'entreprise<\/li>\n<\/ul>\n<\/li>\n<li><strong>Informations non personnelles:<\/strong>\n<ul style=\"padding-inline-start: 20px; list-style-type: disc;\">\n<li>Adresse IP<\/li>\n<li>Type et version du navigateur<\/li>\n<li>Syst\u00e8me d'exploitation<\/li>\n<li>Site web r\u00e9f\u00e9rent<\/li>\n<li>Pages visit\u00e9es sur notre site web<\/li>\n<li>Heure et date des visites<\/li>\n<li>Autres donn\u00e9es d'utilisation anonymes<\/li>\n<\/ul>\n<\/li>\n<\/ul>\n<\/div><\/div><div class=\"vce-text-block pb-30\"><div class=\"vce-text-block-wrapper vce\" id=\"el-143bc9ec\" data-vce-do-apply=\"all el-143bc9ec\"><h2 class=\"pb-30\">Comment nous utilisons vos informations<\/h2>\n<p>Nous pouvons utiliser les informations que nous recueillons de vous de la mani\u00e8re suivante :<\/p>\n<ul style=\"list-style-type: disc; padding-inline-start: 20px;\">\n<li>Pour fournir et g\u00e9rer nos services<\/li>\n<li>Pour personnaliser votre exp\u00e9rience sur notre site web<\/li>\n<li>Pour am\u00e9liorer notre site web et nos services<\/li>\n<li>Pour communiquer avec vous, y compris pour r\u00e9pondre \u00e0 vos demandes et fournir un support client<\/li>\n<li>Pour vous envoyer du mat\u00e9riel promotionnel, des newsletters et d'autres informations li\u00e9es \u00e0 nos services<\/li>\n<li>Pour respecter les obligations l\u00e9gales et prot\u00e9ger nos droits<\/li>\n<\/ul>\n<\/div><\/div><div class=\"vce-text-block pb-30\"><div class=\"vce-text-block-wrapper vce\" id=\"el-57ec1c9b\" data-vce-do-apply=\"all el-57ec1c9b\"><h2 class=\"pb-30\">\nPartage et divulgation des informations<\/h2>\n<p>Nous ne vendons, n'\u00e9changeons ni ne transf\u00e9rons autrement vos informations personnelles \u00e0 des tiers sans votre consentement, sauf dans les circonstances suivantes :<\/p>\n<ul style=\"list-style-type: disc; padding-inline-start: 20px;\">\n<li>\n\u00c0 des prestataires de services tiers de confiance qui nous aident \u00e0 exploiter notre site web, \u00e0 mener nos activit\u00e9s ou \u00e0 vous fournir des services, \u00e0 condition que ces parties acceptent de garder ces informations confidentielles.<\/li>\n<li>Pour se conformer aux exigences l\u00e9gales, telles qu'une loi, r\u00e9glementation, mandat de perquisition, assignation \u00e0 compara\u00eetre ou ordonnance de tribunal<\/li>\n<li>Pour am\u00e9liorer notre site web et nos services<\/li>\n<li>Pour faire respecter nos politiques de site ou prot\u00e9ger nos droits, nos biens ou la s\u00e9curit\u00e9 d'autrui<\/li>\n<\/ul>\n<\/div><\/div><div class=\"vce-text-block pb-30\"><div class=\"vce-text-block-wrapper vce\" id=\"el-a73a4768\" data-vce-do-apply=\"all el-a73a4768\"><h2 class=\"pb-30\">S\u00e9curit\u00e9 des donn\u00e9es<\/h2>\n<p>Nous mettons en place diverses mesures de s\u00e9curit\u00e9 pour maintenir la s\u00e9curit\u00e9 de vos informations personnelles. Cependant, aucune m\u00e9thode de transmission sur Internet ou de stockage \u00e9lectronique n'est totalement s\u00e9curis\u00e9e \u00e0 100 %. Par cons\u00e9quent, nous ne pouvons garantir une s\u00e9curit\u00e9 absolue.<\/p>\n<\/div><\/div><div class=\"vce-text-block pb-30\"><div class=\"vce-text-block-wrapper vce\" id=\"el-937de6c6\" data-vce-do-apply=\"all el-937de6c6\"><h2 class=\"pb-30\">Vos choix<\/h2>\n<p>Vous pouvez choisir de :<\/p>\n<ul style=\"list-style-type: disc; padding-inline-start: 20px;\">\n<li>Vous pouvez choisir de ne plus recevoir d'e-mails promotionnels de notre part en suivant le lien de d\u00e9sabonnement dans ces e-mails.<\/li>\n<li>Mettre \u00e0 jour ou supprimer vos informations personnelles en nous contactant \u00e0 info@momentumpr.com<\/li>\n<li>D\u00e9sactiver les cookies via les param\u00e8tres de votre navigateur, mais notez que cela pourrait affecter votre capacit\u00e9 \u00e0 utiliser certaines fonctionnalit\u00e9s de notre site web.<\/li>\n<\/ul>\n<\/div><\/div><div class=\"vce-text-block pb-30\"><div class=\"vce-text-block-wrapper vce\" id=\"el-57462e8d\" data-vce-do-apply=\"all el-57462e8d\"><h2 class=\"pb-30\">Liens vers des tiers<\/h2>\n<p>Notre site web peut contenir des liens vers des sites web tiers. Nous ne sommes pas responsables des pratiques en mati\u00e8re de confidentialit\u00e9 ou du contenu de ces sites web. Nous vous encourageons \u00e0 consulter les politiques de confidentialit\u00e9 de ces sites tiers.<\/p>\n<\/div><\/div><div class=\"vce-text-block pb-30\"><div class=\"vce-text-block-wrapper vce\" id=\"el-d8e8ee58\" data-vce-do-apply=\"all el-d8e8ee58\"><h2 class=\"pb-30\">Confidentialit\u00e9 des enfants<\/h2>\n<p>Nos services ne s'adressent pas aux individus de moins de 13 ans. Nous ne collectons pas sciemment d'informations personnelles aupr\u00e8s d'enfants de moins de 13 ans. Si nous prenons connaissance que nous avons involontairement re\u00e7u des informations personnelles d'un utilisateur de moins de 13 ans, nous supprimerons ces informations de nos dossiers.<\/p>\n<\/div><\/div><div class=\"vce-text-block pb-30\"><div class=\"vce-text-block-wrapper vce\" id=\"el-89cfe9a2\" data-vce-do-apply=\"all el-89cfe9a2\"><h2 class=\"pb-30\">Modifications de cette politique de confidentialit\u00e9<\/h2>\n<p>Nous pouvons mettre \u00e0 jour cette politique de confidentialit\u00e9 de temps \u00e0 autre. Nous vous informerons de tout changement en publiant la nouvelle politique de confidentialit\u00e9 sur notre site web. Il est conseill\u00e9 de consulter p\u00e9riodiquement cette politique de confidentialit\u00e9 pour prendre connaissance des \u00e9ventuels changements.<\/p>\n<\/div><\/div><div class=\"vce-text-block pb-30\"><div class=\"vce-text-block-wrapper vce\" id=\"el-b5973143\" data-vce-do-apply=\"all el-b5973143\"><h2 class=\"pb-30\">Contactez-nous<\/h2>\n<p class=\"pb-25\">If you have any questions or concerns about this Privacy Policy, please contact us at:<\/p>\n<p><strong>MomentumPR<\/strong><br>\n116 - 137 rue St-Pierre, Montreal, Qc, Canada<br>\n<a class=\"blue underline\" href=\"tel:4503326939\">450-332-6939<\/a><br>\n<a class=\"blue underline\" href=\"mailto:info@momentumpr.com\">info@momentumpr.com<\/a><\/p>\n<\/div><\/div><div class=\"vce vce-separator-container vce-separator--align-center vce-separator--style-solid\" id=\"el-316c030f\" data-vce-do-apply=\"margin el-316c030f\"><div class=\"vce-separator vce-separator--color-b-112-112-112 vce-separator--width-100 vce-separator--thickness-1\" data-vce-do-apply=\"border padding background  el-316c030f\"><\/div><\/div><\/div><\/div><\/div><\/div><\/div><\/div>\n","protected":false},"excerpt":{"rendered":"<p>Politique de confidentialit\u00e9 Introduction MomentumPR (\u00ab nous \u00bb) s&rsquo;engage \u00e0 prot\u00e9ger votre vie priv\u00e9e. Cette politique de confidentialit\u00e9 explique comment nous recueillons, utilisons, divulguons et prot\u00e9geons vos informations lorsque vous visitez notre site web www.momentumpr.com, utilisez nos services ou interagissez avec nous par divers canaux de communication. Informations que nous recueillons Informations personnelles: Nom Adresse [&hellip;]<\/p>\n","protected":false},"author":1,"featured_media":0,"parent":0,"menu_order":0,"comment_status":"closed","ping_status":"open","template":"","meta":{"_acf_changed":false,"content-type":"","footnotes":""},"class_list":["post-443","page","type-page","status-publish","hentry"],"acf":[],"yoast_head":"<!-- This site is optimized with the Yoast SEO plugin v27.2 - https:\/\/yoast.com\/product\/yoast-seo-wordpress\/ -->\n<title>Politique de confidentialit\u00e9 - Momentum PR<\/title>\n<meta name=\"description\" content=\"D\u00e9couvrez comment notre politique de confidentialit\u00e9 prot\u00e8ge vos donn\u00e9es et votre tranquillit\u00e9 d&#039;esprit.\" \/>\n<meta name=\"robots\" content=\"index, follow, max-snippet:-1, max-image-preview:large, max-video-preview:-1\" \/>\n<link rel=\"canonical\" href=\"https:\/\/momentumpr.com\/fr\/politique-de-confidentialite\/\" \/>\n<meta property=\"og:locale\" content=\"fr_FR\" \/>\n<meta property=\"og:type\" content=\"article\" \/>\n<meta property=\"og:title\" content=\"Politique de confidentialit\u00e9 - Momentum PR\" \/>\n<meta property=\"og:description\" content=\"D\u00e9couvrez comment notre politique de confidentialit\u00e9 prot\u00e8ge vos donn\u00e9es et votre tranquillit\u00e9 d&#039;esprit.\" \/>\n<meta property=\"og:url\" content=\"https:\/\/momentumpr.com\/fr\/politique-de-confidentialite\/\" \/>\n<meta property=\"og:site_name\" content=\"Momentum PR\" \/>\n<meta property=\"article:publisher\" content=\"https:\/\/www.facebook.com\/momentumpr.ca\/\" \/>\n<meta property=\"article:modified_time\" content=\"2024-07-08T08:50:48+00:00\" \/>\n<meta name=\"twitter:card\" content=\"summary_large_image\" \/>\n<meta name=\"twitter:site\" content=\"@Momentum_PR\" \/>\n<script type=\"application\/ld+json\" class=\"yoast-schema-graph\">{\"@context\":\"https:\/\/schema.org\",\"@graph\":[{\"@type\":\"WebPage\",\"@id\":\"https:\/\/momentumpr.com\/fr\/politique-de-confidentialite\/\",\"url\":\"https:\/\/momentumpr.com\/fr\/politique-de-confidentialite\/\",\"name\":\"Politique de confidentialit\u00e9 - Momentum PR\",\"isPartOf\":{\"@id\":\"https:\/\/momentumpr.com\/fr\/#website\"},\"datePublished\":\"2024-06-27T07:57:46+00:00\",\"dateModified\":\"2024-07-08T08:50:48+00:00\",\"description\":\"D\u00e9couvrez comment notre politique de confidentialit\u00e9 prot\u00e8ge vos donn\u00e9es et votre tranquillit\u00e9 d'esprit.\",\"breadcrumb\":{\"@id\":\"https:\/\/momentumpr.com\/fr\/politique-de-confidentialite\/#breadcrumb\"},\"inLanguage\":\"fr-FR\",\"potentialAction\":[{\"@type\":\"ReadAction\",\"target\":[\"https:\/\/momentumpr.com\/fr\/politique-de-confidentialite\/\"]}]},{\"@type\":\"BreadcrumbList\",\"@id\":\"https:\/\/momentumpr.com\/fr\/politique-de-confidentialite\/#breadcrumb\",\"itemListElement\":[{\"@type\":\"ListItem\",\"position\":1,\"name\":\"Accueil\",\"item\":\"https:\/\/momentumpr.com\/fr\/\"},{\"@type\":\"ListItem\",\"position\":2,\"name\":\"Politique de confidentialit\u00e9\"}]},{\"@type\":\"WebSite\",\"@id\":\"https:\/\/momentumpr.com\/fr\/#website\",\"url\":\"https:\/\/momentumpr.com\/fr\/\",\"name\":\"Momentum PR\",\"description\":\"\",\"publisher\":{\"@id\":\"https:\/\/momentumpr.com\/fr\/#organization\"},\"potentialAction\":[{\"@type\":\"SearchAction\",\"target\":{\"@type\":\"EntryPoint\",\"urlTemplate\":\"https:\/\/momentumpr.com\/fr\/?s={search_term_string}\"},\"query-input\":{\"@type\":\"PropertyValueSpecification\",\"valueRequired\":true,\"valueName\":\"search_term_string\"}}],\"inLanguage\":\"fr-FR\"},{\"@type\":\"Organization\",\"@id\":\"https:\/\/momentumpr.com\/fr\/#organization\",\"name\":\"Momentum PR\",\"url\":\"https:\/\/momentumpr.com\/fr\/\",\"logo\":{\"@type\":\"ImageObject\",\"inLanguage\":\"fr-FR\",\"@id\":\"https:\/\/momentumpr.com\/fr\/#\/schema\/logo\/image\/\",\"url\":\"https:\/\/momentumpr.com\/wp-content\/uploads\/2024\/06\/Logo-Momentum.svg\",\"contentUrl\":\"https:\/\/momentumpr.com\/wp-content\/uploads\/2024\/06\/Logo-Momentum.svg\",\"width\":91,\"height\":70,\"caption\":\"Momentum PR\"},\"image\":{\"@id\":\"https:\/\/momentumpr.com\/fr\/#\/schema\/logo\/image\/\"},\"sameAs\":[\"https:\/\/www.facebook.com\/momentumpr.ca\/\",\"https:\/\/x.com\/Momentum_PR\",\"https:\/\/www.linkedin.com\/in\/momentum-pr-baa30b50\/\"]}]}<\/script>\n<!-- \/ Yoast SEO plugin. -->","yoast_head_json":{"title":"Politique de confidentialit\u00e9 - Momentum PR","description":"D\u00e9couvrez comment notre politique de confidentialit\u00e9 prot\u00e8ge vos donn\u00e9es et votre tranquillit\u00e9 d'esprit.","robots":{"index":"index","follow":"follow","max-snippet":"max-snippet:-1","max-image-preview":"max-image-preview:large","max-video-preview":"max-video-preview:-1"},"canonical":"https:\/\/momentumpr.com\/fr\/politique-de-confidentialite\/","og_locale":"fr_FR","og_type":"article","og_title":"Politique de confidentialit\u00e9 - Momentum PR","og_description":"D\u00e9couvrez comment notre politique de confidentialit\u00e9 prot\u00e8ge vos donn\u00e9es et votre tranquillit\u00e9 d'esprit.","og_url":"https:\/\/momentumpr.com\/fr\/politique-de-confidentialite\/","og_site_name":"Momentum PR","article_publisher":"https:\/\/www.facebook.com\/momentumpr.ca\/","article_modified_time":"2024-07-08T08:50:48+00:00","twitter_card":"summary_large_image","twitter_site":"@Momentum_PR","schema":{"@context":"https:\/\/schema.org","@graph":[{"@type":"WebPage","@id":"https:\/\/momentumpr.com\/fr\/politique-de-confidentialite\/","url":"https:\/\/momentumpr.com\/fr\/politique-de-confidentialite\/","name":"Politique de confidentialit\u00e9 - Momentum PR","isPartOf":{"@id":"https:\/\/momentumpr.com\/fr\/#website"},"datePublished":"2024-06-27T07:57:46+00:00","dateModified":"2024-07-08T08:50:48+00:00","description":"D\u00e9couvrez comment notre politique de confidentialit\u00e9 prot\u00e8ge vos donn\u00e9es et votre tranquillit\u00e9 d'esprit.","breadcrumb":{"@id":"https:\/\/momentumpr.com\/fr\/politique-de-confidentialite\/#breadcrumb"},"inLanguage":"fr-FR","potentialAction":[{"@type":"ReadAction","target":["https:\/\/momentumpr.com\/fr\/politique-de-confidentialite\/"]}]},{"@type":"BreadcrumbList","@id":"https:\/\/momentumpr.com\/fr\/politique-de-confidentialite\/#breadcrumb","itemListElement":[{"@type":"ListItem","position":1,"name":"Accueil","item":"https:\/\/momentumpr.com\/fr\/"},{"@type":"ListItem","position":2,"name":"Politique de confidentialit\u00e9"}]},{"@type":"WebSite","@id":"https:\/\/momentumpr.com\/fr\/#website","url":"https:\/\/momentumpr.com\/fr\/","name":"Momentum PR","description":"","publisher":{"@id":"https:\/\/momentumpr.com\/fr\/#organization"},"potentialAction":[{"@type":"SearchAction","target":{"@type":"EntryPoint","urlTemplate":"https:\/\/momentumpr.com\/fr\/?s={search_term_string}"},"query-input":{"@type":"PropertyValueSpecification","valueRequired":true,"valueName":"search_term_string"}}],"inLanguage":"fr-FR"},{"@type":"Organization","@id":"https:\/\/momentumpr.com\/fr\/#organization","name":"Momentum PR","url":"https:\/\/momentumpr.com\/fr\/","logo":{"@type":"ImageObject","inLanguage":"fr-FR","@id":"https:\/\/momentumpr.com\/fr\/#\/schema\/logo\/image\/","url":"https:\/\/momentumpr.com\/wp-content\/uploads\/2024\/06\/Logo-Momentum.svg","contentUrl":"https:\/\/momentumpr.com\/wp-content\/uploads\/2024\/06\/Logo-Momentum.svg","width":91,"height":70,"caption":"Momentum PR"},"image":{"@id":"https:\/\/momentumpr.com\/fr\/#\/schema\/logo\/image\/"},"sameAs":["https:\/\/www.facebook.com\/momentumpr.ca\/","https:\/\/x.com\/Momentum_PR","https:\/\/www.linkedin.com\/in\/momentum-pr-baa30b50\/"]}]}},"_links":{"self":[{"href":"https:\/\/momentumpr.com\/fr\/wp-json\/wp\/v2\/pages\/443","targetHints":{"allow":["GET"]}}],"collection":[{"href":"https:\/\/momentumpr.com\/fr\/wp-json\/wp\/v2\/pages"}],"about":[{"href":"https:\/\/momentumpr.com\/fr\/wp-json\/wp\/v2\/types\/page"}],"author":[{"embeddable":true,"href":"https:\/\/momentumpr.com\/fr\/wp-json\/wp\/v2\/users\/1"}],"replies":[{"embeddable":true,"href":"https:\/\/momentumpr.com\/fr\/wp-json\/wp\/v2\/comments?post=443"}],"version-history":[{"count":0,"href":"https:\/\/momentumpr.com\/fr\/wp-json\/wp\/v2\/pages\/443\/revisions"}],"wp:attachment":[{"href":"https:\/\/momentumpr.com\/fr\/wp-json\/wp\/v2\/media?parent=443"}],"curies":[{"name":"wp","href":"https:\/\/api.w.org\/{rel}","templated":true}]}}