{"id":420,"date":"2024-06-27T15:11:17","date_gmt":"2024-06-27T15:11:17","guid":{"rendered":"https:\/\/momentumpr.com\/?page_id=420"},"modified":"2024-07-23T09:53:45","modified_gmt":"2024-07-23T09:53:45","slug":"contactez-nous","status":"publish","type":"page","link":"https:\/\/momentumpr.com\/fr\/contactez-nous\/","title":{"rendered":"Contactez-nous"},"content":{"rendered":"<div class=\"vce-row-container\" data-vce-boxed-width=\"true\"><div class=\"vce-row vce-row--col-gap-30 pl-40 pr-40 pt-100 pb-180 vce-row-equal-height vce-row-content--top\" id=\"el-214ffdda\" data-vce-do-apply=\"all el-214ffdda\"><div class=\"vce-row-content\" data-vce-element-content=\"true\"><div class=\"vce-col vce-col--md-auto vce-col--xs-1 vce-col--xs-last vce-col--xs-first vce-col--sm-last vce-col--sm-first vce-col--md-last vce-col--lg-last vce-col--xl-last vce-col--md-first vce-col--lg-first vce-col--xl-first\" id=\"el-000d3824\"><div class=\"vce-col-inner\" data-vce-do-apply=\"border margin background  el-000d3824\"><div class=\"vce-col-content\" data-vce-element-content=\"true\" data-vce-do-apply=\"padding el-000d3824\"><div class=\"vce-text-block\"><div class=\"vce-text-block-wrapper vce\" id=\"el-62474552\" data-vce-do-apply=\"all el-62474552\"><h1 class=\"fs140\">Contactez nous<\/h1>\n<\/div><\/div><div class=\"vce-shortcode\"><div class=\"vce-shortcode-wrapper vce\" id=\"el-65484871\" data-vce-do-apply=\"all el-65484871\"><span><span><a href=\"https:\/\/momentumpr.com\/fr\/\">Accueil<\/a><\/span><\/span><\/div><\/div><\/div><\/div><\/div><\/div><\/div><\/div><div class=\"vce-row-container\" data-vce-boxed-width=\"true\"><div class=\"vce-row vce-row--col-gap-0 pl-40 pr-40 pb-80 vce-row-equal-height vce-row-content--top\" id=\"el-7bc426b9\" data-vce-do-apply=\"all el-7bc426b9\"><div class=\"vce-row-content\" data-vce-element-content=\"true\"><div class=\"vce-col vce-col--xs-100p vce-col--xs-visible vce-col--xs-last vce-col--xs-first vce-col--sm-100p vce-col--sm-visible vce-col--sm-last vce-col--sm-first vce-col--md-auto vce-col--md-visible vce-col--md-first vce-col--lg-auto vce-col--lg-visible vce-col--lg-first vce-col--xl-auto vce-col--xl-visible vce-col--xl-first no-pr pr-80\" id=\"el-dcde3502\"><div class=\"vce-col-inner\" data-vce-do-apply=\"border margin background  el-dcde3502\"><div class=\"vce-col-content\" data-vce-element-content=\"true\" data-vce-do-apply=\"padding el-dcde3502\"><div class=\"vce-shortcode\"><div class=\"vce-shortcode-wrapper vce\" id=\"el-1561f025\" data-vce-do-apply=\"all el-1561f025\">\n\t\t\t\t\t\t<script>\n\t\t\t\t\t\t\twindow.hsFormsOnReady = window.hsFormsOnReady || [];\n\t\t\t\t\t\t\twindow.hsFormsOnReady.push(()=>{\n\t\t\t\t\t\t\t\thbspt.forms.create({\n\t\t\t\t\t\t\t\t\tportalId: 3341544,\n\t\t\t\t\t\t\t\t\tformId: \"6e36ce29-bb80-4f1d-b628-52e1351ad211\",\n\t\t\t\t\t\t\t\t\ttarget: \"#hbspt-form-1776966801000-1332963050\",\n\t\t\t\t\t\t\t\t\tregion: \"na1\",\n\t\t\t\t\t\t\t\t\t\n\t\t\t\t\t\t\t})});\n\t\t\t\t\t\t<\/script>\n\t\t\t\t\t\t<div class=\"hbspt-form\" id=\"hbspt-form-1776966801000-1332963050\"><\/div><\/div><\/div><\/div><\/div><\/div><div class=\"vce-col vce-col--xs-100p vce-col--xs-visible vce-col--xs-last vce-col--xs-first vce-col--sm-100p vce-col--sm-visible vce-col--sm-last vce-col--sm-first vce-col--md-49p vce-col--md-visible vce-col--md-last vce-col--lg-49p vce-col--lg-visible vce-col--lg-last vce-col--xl-49p vce-col--xl-visible vce-col--xl-last\" id=\"el-57f51200\"><div class=\"vce-col-inner\" data-vce-do-apply=\"border margin background  el-57f51200\"><div class=\"vce-col-content\" data-vce-element-content=\"true\" data-vce-do-apply=\"padding el-57f51200\"><div class=\"vce-text-block pb-50\"><div class=\"vce-text-block-wrapper vce\" id=\"el-885f38e8\" data-vce-do-apply=\"all el-885f38e8\"><h2 class=\"pb-30\">Nous aimerions avoir de <span class=\"blue\">vos nouvelles !<\/span><\/h2>\n<p class=\"no-pr pr-40\">Votre parcours avec nous commence par une conversation. Que vous ayez des questions, besoin de conseils ou simplement envie de dire bonjour, nous sommes l\u00e0 pour vous. Contactez-nous et cr\u00e9ons quelque chose d'extraordinaire ensemble.<\/p>\n<\/div><\/div><div class=\"vce vce-separator-container vce-separator--align-center vce-separator--style-solid\" id=\"el-2ddc411e\" data-vce-do-apply=\"margin el-2ddc411e\"><div class=\"vce-separator vce-separator--color-b-238-241-243 vce-separator--width-100 vce-separator--thickness-1\" data-vce-do-apply=\"border padding background  el-2ddc411e\"><\/div><\/div><div class=\"vce-text-block pt-50 pb-50\"><div class=\"vce-text-block-wrapper vce\" id=\"el-b7b29f3b\" data-vce-do-apply=\"all el-b7b29f3b\"><h2 class=\"pb-43\">Momentum PR<\/h2>\n<p class=\"pb-25\">Momentum PR 137 Saint-Pierre Street, <br>#116 Montreal, QC, H2Y 3T5<\/p>\n<p class=\"pb-25\">T<a href=\"tel:+14503326939\"> +1(450) 332-6939<\/a><\/p>\n<p><a href=\"mailto:info@momentumpr.com\">info@momentumpr.com<\/a><\/p>\n<\/div><\/div><div class=\"vce-row-container\" data-vce-boxed-width=\"true\"><div class=\"vce-row vce-row--col-gap-0 no-pr pr-250 no-pl pl-18 pb-50 vce-row-equal-height vce-row-content--top\" id=\"el-eab376d7\" data-vce-do-apply=\"all el-eab376d7\"><div class=\"vce-row-content\" data-vce-element-content=\"true\"><div class=\"vce-col vce-col--xs-auto vce-col--xs-visible vce-col--xs-first vce-col--sm-auto vce-col--sm-visible vce-col--sm-first vce-col--md-28-8p vce-col--md-visible vce-col--md-first vce-col--lg-28-8p vce-col--lg-visible vce-col--lg-first vce-col--xl-28-8p vce-col--xl-visible vce-col--xl-first no-pr pr-67\" id=\"el-d8daffda\"><div class=\"vce-col-inner\" data-vce-do-apply=\"border margin background  el-d8daffda\"><div class=\"vce-col-content\" data-vce-element-content=\"true\" data-vce-do-apply=\"padding el-d8daffda\"><div class=\"vce-single-image-container full-width w-48 vce-single-image--align-center\"><div class=\"vce vce-single-image-wrapper\" id=\"el-99c8a4a7\" data-vce-do-apply=\"all el-99c8a4a7\"><figure><div class=\"vce-single-image-figure-inner\" style=\"width: 48px;\"><a href=\"http:\/\/www.facebook.com\/momentumpr.ca\/\" title=\"\" target=\"_blank\" class=\"vce-single-image-inner vce-single-image--absolute\" style=\"width: 100%; padding-bottom: 102.083%;\" rel=\"noopener\"><img decoding=\"async\" class=\"vce-single-image\" src=\"https:\/\/momentumpr.com\/wp-content\/uploads\/2024\/07\/facebook-icon.svg\" data-img-src=\"https:\/\/momentumpr.com\/wp-content\/uploads\/2024\/07\/facebook-icon.svg\" data-attachment-id=\"268\" alt=\"Facebook Momentum Pr\" title=\"facebook-icon\"><\/a><\/div><figcaption hidden=\"\"><\/figcaption><\/figure><\/div><\/div><\/div><\/div><\/div><div class=\"vce-col vce-col--xs-auto vce-col--xs-visible vce-col--sm-auto vce-col--sm-visible vce-col--md-29-8p vce-col--md-visible vce-col--lg-29-8p vce-col--lg-visible vce-col--xl-29-8p vce-col--xl-visible no-pr pr-71\" id=\"el-52172a93\"><div class=\"vce-col-inner\" data-vce-do-apply=\"border margin background  el-52172a93\"><div class=\"vce-col-content\" data-vce-element-content=\"true\" data-vce-do-apply=\"padding el-52172a93\"><div class=\"vce-single-image-container full-width w-48 vce-single-image--align-center\"><div class=\"vce vce-single-image-wrapper\" id=\"el-5e2165e5\" data-vce-do-apply=\"all el-5e2165e5\"><figure><div class=\"vce-single-image-figure-inner\" style=\"width: 48px;\"><a href=\"http:\/\/www.linkedin.com\/company\/momentumpr\/\" title=\"\" target=\"_blank\" class=\"vce-single-image-inner vce-single-image--absolute\" style=\"width: 100%; padding-bottom: 102.083%;\" rel=\"noopener\"><img decoding=\"async\" class=\"vce-single-image\" src=\"https:\/\/momentumpr.com\/wp-content\/uploads\/2024\/07\/Linkedin-icon.svg\" data-img-src=\"https:\/\/momentumpr.com\/wp-content\/uploads\/2024\/07\/Linkedin-icon.svg\" data-attachment-id=\"269\" alt=\"Linkedin Momentum Pr\" title=\"Linkedin-icon\"><\/a><\/div><figcaption hidden=\"\"><\/figcaption><\/figure><\/div><\/div><\/div><\/div><\/div><div class=\"vce-col vce-col--xs-auto vce-col--xs-visible vce-col--sm-auto vce-col--sm-visible vce-col--md-29-8p vce-col--md-visible vce-col--lg-29-8p vce-col--lg-visible vce-col--xl-29-8p vce-col--xl-visible no-pr pr-71\" id=\"el-0681e7a9\"><div class=\"vce-col-inner\" data-vce-do-apply=\"border margin background  el-0681e7a9\"><div class=\"vce-col-content\" data-vce-element-content=\"true\" data-vce-do-apply=\"padding el-0681e7a9\"><div class=\"vce-single-image-container full-width w-48 vce-single-image--align-center\"><div class=\"vce vce-single-image-wrapper\" id=\"el-072998ac\" data-vce-do-apply=\"all el-072998ac\"><figure><div class=\"vce-single-image-figure-inner\" style=\"width: 48px;\"><a href=\"http:\/\/mobile.x.com\/MomentumPR\" title=\"\" target=\"_blank\" class=\"vce-single-image-inner vce-single-image--absolute\" style=\"width: 100%; padding-bottom: 102.083%;\" rel=\"noopener\"><img decoding=\"async\" class=\"vce-single-image\" src=\"https:\/\/momentumpr.com\/wp-content\/uploads\/2024\/07\/X-icon.svg\" data-img-src=\"https:\/\/momentumpr.com\/wp-content\/uploads\/2024\/07\/X-icon.svg\" data-attachment-id=\"270\" alt=\"X Momentum PR\" title=\"X-icon\"><\/a><\/div><figcaption hidden=\"\"><\/figcaption><\/figure><\/div><\/div><\/div><\/div><\/div><div class=\"vce-col vce-col--xs-auto vce-col--xs-visible vce-col--xs-last vce-col--sm-auto vce-col--sm-visible vce-col--sm-last vce-col--md-auto vce-col--md-visible vce-col--md-last vce-col--lg-auto vce-col--lg-visible vce-col--lg-last vce-col--xl-auto vce-col--xl-visible vce-col--xl-last\" id=\"el-7cb05ad3\"><div class=\"vce-col-inner\" data-vce-do-apply=\"border margin background  el-7cb05ad3\"><div class=\"vce-col-content\" data-vce-element-content=\"true\" data-vce-do-apply=\"padding el-7cb05ad3\"><div class=\"vcv-row-control-wrapper\"><\/div><\/div><\/div><\/div><\/div><\/div><\/div><div class=\"vce-raw-html\"><div class=\"vce-raw-html-wrapper\" id=\"el-429a4533\" data-vce-do-apply=\"all el-429a4533\"><iframe src=\"https:\/\/www.google.com\/maps\/embed?pb=!1m18!1m12!1m3!1d2796.4628327701294!2d-73.55733282315387!3d45.500760871074455!2m3!1f0!2f0!3f0!3m2!1i1024!2i768!4f13.1!3m3!1m2!1s0x4cc91a5893ac6629%3A0x1a523c4b29ebcbee!2s137%20Rue%20Saint-Pierre%2C%20Montr%C3%A9al%2C%20QC%20H2Y%203T5!5e0!3m2!1sen!2sca!4v1721230001706!5m2!1sen!2sca\" width=\"100%\" height=\"361\" style=\"border:0;\" allowfullscreen=\"\" loading=\"lazy\" referrerpolicy=\"no-referrer-when-downgrade\"><\/iframe><\/div><\/div><\/div><\/div><\/div><\/div><\/div><\/div><div class=\"vce-row-container\" data-vce-boxed-width=\"true\"><div class=\"vce-row vce-element--has-background vce-row--col-gap-30 vce-row-equal-height vce-row-content--top\" id=\"el-62eb46f1\" data-vce-do-apply=\"all el-62eb46f1\"><div class=\"vce-content-background-container\"><div class=\"vce-asset-background-simple-container vce-visible-all-only vce-asset-background-simple--style-cover vce-asset-background-simple--position-center-center\"><div class=\"vce-asset-background-simple\">\n              <div style='background-image: url(\"https:\/\/momentumpr.com\/wp-content\/uploads\/2024\/07\/subscribe-bg.jpg\");'  class=\"vce-asset-background-simple-item vcv-lozad\" ><\/div>\n              <noscript>\n                <div class=\"vce-asset-background-simple-item\" style=\"background-image: url(https:\/\/momentumpr.com\/wp-content\/uploads\/2024\/07\/subscribe-bg.jpg)\"><\/div>\n              <\/noscript>\n            <\/div><\/div><\/div><div class=\"vce-row-content\" data-vce-element-content=\"true\"><div class=\"vce-col vce-col--md-auto vce-col--xs-1 vce-col--xs-last vce-col--xs-first vce-col--sm-last vce-col--sm-first vce-col--md-last vce-col--lg-last vce-col--xl-last vce-col--md-first vce-col--lg-first vce-col--xl-first subscribe-col\" id=\"el-f45bad3d\"><div class=\"vce-col-inner\" data-vce-do-apply=\"border margin background  el-f45bad3d\"><div class=\"vce-col-content\" data-vce-element-content=\"true\" data-vce-do-apply=\"padding el-f45bad3d\"><div class=\"vce-text-block\"><div class=\"vce-text-block-wrapper vce\" id=\"el-e947febb\" data-vce-do-apply=\"all el-e947febb\"><h2 class=\"pb-35 bold\">Abonnez-vous \u00e0 notre newsletter pour <span class=\"blue\">une analyse de march\u00e9 exclusive<\/span><\/h2>\n<p class=\"popupSf\"><a class=\"fs14 medium\" href=\"#\">Abonnez-vous maintenant<\/a><\/p>\n<\/div><\/div><\/div><\/div><\/div><\/div><\/div><\/div>","protected":false},"excerpt":{"rendered":"<p>Contactez nous Nous aimerions avoir de vos nouvelles ! Votre parcours avec nous commence par une conversation. Que vous ayez des questions, besoin de conseils ou simplement envie de dire bonjour, nous sommes l\u00e0 pour vous. Contactez-nous et cr\u00e9ons quelque chose d&rsquo;extraordinaire ensemble. Momentum PR Momentum PR 137 Saint-Pierre Street, #116 Montreal, QC, H2Y 3T5 [&hellip;]<\/p>\n","protected":false},"author":1,"featured_media":0,"parent":0,"menu_order":0,"comment_status":"closed","ping_status":"closed","template":"","meta":{"_acf_changed":false,"content-type":"","footnotes":""},"class_list":["post-420","page","type-page","status-publish","hentry"],"acf":[],"yoast_head":"<!-- This site is optimized with the Yoast SEO plugin v27.2 - https:\/\/yoast.com\/product\/yoast-seo-wordpress\/ -->\n<title>Contactez-nous pour plus d&#039;informations - Momentum PR<\/title>\n<meta name=\"description\" content=\"Contactez-nous d\u00e8s maintenant pour en savoir plus sur nos services personnalis\u00e9s et nos succ\u00e8s r\u00e9cents.\" \/>\n<meta name=\"robots\" content=\"index, follow, max-snippet:-1, max-image-preview:large, max-video-preview:-1\" \/>\n<link rel=\"canonical\" href=\"https:\/\/momentumpr.com\/fr\/contactez-nous\/\" \/>\n<meta property=\"og:locale\" content=\"fr_FR\" \/>\n<meta property=\"og:type\" content=\"article\" \/>\n<meta property=\"og:title\" content=\"Contactez-nous pour plus d&#039;informations - Momentum PR\" \/>\n<meta property=\"og:description\" content=\"Contactez-nous d\u00e8s maintenant pour en savoir plus sur nos services personnalis\u00e9s et nos succ\u00e8s r\u00e9cents.\" \/>\n<meta property=\"og:url\" content=\"https:\/\/momentumpr.com\/fr\/contactez-nous\/\" \/>\n<meta property=\"og:site_name\" content=\"Momentum PR\" \/>\n<meta property=\"article:publisher\" content=\"https:\/\/www.facebook.com\/momentumpr.ca\/\" \/>\n<meta property=\"article:modified_time\" content=\"2024-07-23T09:53:45+00:00\" \/>\n<meta name=\"twitter:card\" content=\"summary_large_image\" \/>\n<meta name=\"twitter:site\" content=\"@Momentum_PR\" \/>\n<script type=\"application\/ld+json\" class=\"yoast-schema-graph\">{\"@context\":\"https:\/\/schema.org\",\"@graph\":[{\"@type\":\"WebPage\",\"@id\":\"https:\/\/momentumpr.com\/fr\/contactez-nous\/\",\"url\":\"https:\/\/momentumpr.com\/fr\/contactez-nous\/\",\"name\":\"Contactez-nous pour plus d'informations - Momentum PR\",\"isPartOf\":{\"@id\":\"https:\/\/momentumpr.com\/fr\/#website\"},\"datePublished\":\"2024-06-27T15:11:17+00:00\",\"dateModified\":\"2024-07-23T09:53:45+00:00\",\"description\":\"Contactez-nous d\u00e8s maintenant pour en savoir plus sur nos services personnalis\u00e9s et nos succ\u00e8s r\u00e9cents.\",\"breadcrumb\":{\"@id\":\"https:\/\/momentumpr.com\/fr\/contactez-nous\/#breadcrumb\"},\"inLanguage\":\"fr-FR\",\"potentialAction\":[{\"@type\":\"ReadAction\",\"target\":[\"https:\/\/momentumpr.com\/fr\/contactez-nous\/\"]}]},{\"@type\":\"BreadcrumbList\",\"@id\":\"https:\/\/momentumpr.com\/fr\/contactez-nous\/#breadcrumb\",\"itemListElement\":[{\"@type\":\"ListItem\",\"position\":1,\"name\":\"Accueil\",\"item\":\"https:\/\/momentumpr.com\/fr\/\"},{\"@type\":\"ListItem\",\"position\":2,\"name\":\"Contactez-nous\"}]},{\"@type\":\"WebSite\",\"@id\":\"https:\/\/momentumpr.com\/fr\/#website\",\"url\":\"https:\/\/momentumpr.com\/fr\/\",\"name\":\"Momentum PR\",\"description\":\"\",\"publisher\":{\"@id\":\"https:\/\/momentumpr.com\/fr\/#organization\"},\"potentialAction\":[{\"@type\":\"SearchAction\",\"target\":{\"@type\":\"EntryPoint\",\"urlTemplate\":\"https:\/\/momentumpr.com\/fr\/?s={search_term_string}\"},\"query-input\":{\"@type\":\"PropertyValueSpecification\",\"valueRequired\":true,\"valueName\":\"search_term_string\"}}],\"inLanguage\":\"fr-FR\"},{\"@type\":\"Organization\",\"@id\":\"https:\/\/momentumpr.com\/fr\/#organization\",\"name\":\"Momentum PR\",\"url\":\"https:\/\/momentumpr.com\/fr\/\",\"logo\":{\"@type\":\"ImageObject\",\"inLanguage\":\"fr-FR\",\"@id\":\"https:\/\/momentumpr.com\/fr\/#\/schema\/logo\/image\/\",\"url\":\"https:\/\/momentumpr.com\/wp-content\/uploads\/2024\/06\/Logo-Momentum.svg\",\"contentUrl\":\"https:\/\/momentumpr.com\/wp-content\/uploads\/2024\/06\/Logo-Momentum.svg\",\"width\":91,\"height\":70,\"caption\":\"Momentum PR\"},\"image\":{\"@id\":\"https:\/\/momentumpr.com\/fr\/#\/schema\/logo\/image\/\"},\"sameAs\":[\"https:\/\/www.facebook.com\/momentumpr.ca\/\",\"https:\/\/x.com\/Momentum_PR\",\"https:\/\/www.linkedin.com\/in\/momentum-pr-baa30b50\/\"]}]}<\/script>\n<!-- \/ Yoast SEO plugin. -->","yoast_head_json":{"title":"Contactez-nous pour plus d'informations - Momentum PR","description":"Contactez-nous d\u00e8s maintenant pour en savoir plus sur nos services personnalis\u00e9s et nos succ\u00e8s r\u00e9cents.","robots":{"index":"index","follow":"follow","max-snippet":"max-snippet:-1","max-image-preview":"max-image-preview:large","max-video-preview":"max-video-preview:-1"},"canonical":"https:\/\/momentumpr.com\/fr\/contactez-nous\/","og_locale":"fr_FR","og_type":"article","og_title":"Contactez-nous pour plus d'informations - Momentum PR","og_description":"Contactez-nous d\u00e8s maintenant pour en savoir plus sur nos services personnalis\u00e9s et nos succ\u00e8s r\u00e9cents.","og_url":"https:\/\/momentumpr.com\/fr\/contactez-nous\/","og_site_name":"Momentum PR","article_publisher":"https:\/\/www.facebook.com\/momentumpr.ca\/","article_modified_time":"2024-07-23T09:53:45+00:00","twitter_card":"summary_large_image","twitter_site":"@Momentum_PR","schema":{"@context":"https:\/\/schema.org","@graph":[{"@type":"WebPage","@id":"https:\/\/momentumpr.com\/fr\/contactez-nous\/","url":"https:\/\/momentumpr.com\/fr\/contactez-nous\/","name":"Contactez-nous pour plus d'informations - Momentum PR","isPartOf":{"@id":"https:\/\/momentumpr.com\/fr\/#website"},"datePublished":"2024-06-27T15:11:17+00:00","dateModified":"2024-07-23T09:53:45+00:00","description":"Contactez-nous d\u00e8s maintenant pour en savoir plus sur nos services personnalis\u00e9s et nos succ\u00e8s r\u00e9cents.","breadcrumb":{"@id":"https:\/\/momentumpr.com\/fr\/contactez-nous\/#breadcrumb"},"inLanguage":"fr-FR","potentialAction":[{"@type":"ReadAction","target":["https:\/\/momentumpr.com\/fr\/contactez-nous\/"]}]},{"@type":"BreadcrumbList","@id":"https:\/\/momentumpr.com\/fr\/contactez-nous\/#breadcrumb","itemListElement":[{"@type":"ListItem","position":1,"name":"Accueil","item":"https:\/\/momentumpr.com\/fr\/"},{"@type":"ListItem","position":2,"name":"Contactez-nous"}]},{"@type":"WebSite","@id":"https:\/\/momentumpr.com\/fr\/#website","url":"https:\/\/momentumpr.com\/fr\/","name":"Momentum PR","description":"","publisher":{"@id":"https:\/\/momentumpr.com\/fr\/#organization"},"potentialAction":[{"@type":"SearchAction","target":{"@type":"EntryPoint","urlTemplate":"https:\/\/momentumpr.com\/fr\/?s={search_term_string}"},"query-input":{"@type":"PropertyValueSpecification","valueRequired":true,"valueName":"search_term_string"}}],"inLanguage":"fr-FR"},{"@type":"Organization","@id":"https:\/\/momentumpr.com\/fr\/#organization","name":"Momentum PR","url":"https:\/\/momentumpr.com\/fr\/","logo":{"@type":"ImageObject","inLanguage":"fr-FR","@id":"https:\/\/momentumpr.com\/fr\/#\/schema\/logo\/image\/","url":"https:\/\/momentumpr.com\/wp-content\/uploads\/2024\/06\/Logo-Momentum.svg","contentUrl":"https:\/\/momentumpr.com\/wp-content\/uploads\/2024\/06\/Logo-Momentum.svg","width":91,"height":70,"caption":"Momentum PR"},"image":{"@id":"https:\/\/momentumpr.com\/fr\/#\/schema\/logo\/image\/"},"sameAs":["https:\/\/www.facebook.com\/momentumpr.ca\/","https:\/\/x.com\/Momentum_PR","https:\/\/www.linkedin.com\/in\/momentum-pr-baa30b50\/"]}]}},"_links":{"self":[{"href":"https:\/\/momentumpr.com\/fr\/wp-json\/wp\/v2\/pages\/420","targetHints":{"allow":["GET"]}}],"collection":[{"href":"https:\/\/momentumpr.com\/fr\/wp-json\/wp\/v2\/pages"}],"about":[{"href":"https:\/\/momentumpr.com\/fr\/wp-json\/wp\/v2\/types\/page"}],"author":[{"embeddable":true,"href":"https:\/\/momentumpr.com\/fr\/wp-json\/wp\/v2\/users\/1"}],"replies":[{"embeddable":true,"href":"https:\/\/momentumpr.com\/fr\/wp-json\/wp\/v2\/comments?post=420"}],"version-history":[{"count":2,"href":"https:\/\/momentumpr.com\/fr\/wp-json\/wp\/v2\/pages\/420\/revisions"}],"predecessor-version":[{"id":553,"href":"https:\/\/momentumpr.com\/fr\/wp-json\/wp\/v2\/pages\/420\/revisions\/553"}],"wp:attachment":[{"href":"https:\/\/momentumpr.com\/fr\/wp-json\/wp\/v2\/media?parent=420"}],"curies":[{"name":"wp","href":"https:\/\/api.w.org\/{rel}","templated":true}]}}