{"id":413,"date":"2024-06-27T15:09:33","date_gmt":"2024-06-27T15:09:33","guid":{"rendered":"https:\/\/momentumpr.com\/?page_id=413"},"modified":"2024-07-08T09:36:07","modified_gmt":"2024-07-08T09:36:07","slug":"services","status":"publish","type":"page","link":"https:\/\/momentumpr.com\/fr\/services\/","title":{"rendered":"Services"},"content":{"rendered":"<div class=\"vce-row-container\" data-vce-boxed-width=\"true\"><div class=\"vce-row vce-row--col-gap-30 pt-180 pl-40 pr-675 pb-200 vce-row-equal-height vce-row-content--top\" id=\"el-5fc260f8\" data-vce-do-apply=\"all el-5fc260f8\"><div class=\"vce-row-content\" data-vce-element-content=\"true\"><div class=\"vce-col vce-col--md-auto vce-col--xs-1 vce-col--xs-last vce-col--xs-first vce-col--sm-last vce-col--sm-first vce-col--md-last vce-col--lg-last vce-col--xl-last vce-col--md-first vce-col--lg-first vce-col--xl-first\" id=\"el-0c9735f9\"><div class=\"vce-col-inner\" data-vce-do-apply=\"border margin background  el-0c9735f9\"><div class=\"vce-col-content\" data-vce-element-content=\"true\" data-vce-do-apply=\"padding el-0c9735f9\"><div class=\"vce-text-block\"><div class=\"vce-text-block-wrapper vce\" id=\"el-99d3379e\" data-vce-do-apply=\"all el-99d3379e\"><h1>D\u00e9couvrez pourquoi nos services sont le <span class=\"blue\">meilleur choix<\/span> pour vous<\/h1>\n<\/div><\/div><div class=\"vce-shortcode\"><div class=\"vce-shortcode-wrapper vce\" id=\"el-d735492a\" data-vce-do-apply=\"all el-d735492a\"><span><span><a href=\"https:\/\/momentumpr.com\/fr\/\">Accueil<\/a><\/span><\/span><\/div><\/div><\/div><\/div><\/div><\/div><\/div><\/div><div class=\"vce-row-container\" data-vce-boxed-width=\"true\"><div class=\"vce-row vce-row--col-gap-30 pb-305 vce-row-equal-height vce-row-content--top\" id=\"el-09bdd3e2\" data-vce-do-apply=\"all el-09bdd3e2\"><div class=\"vce-row-content\" data-vce-element-content=\"true\"><div class=\"vce-col vce-col--md-auto vce-col--xs-1 vce-col--xs-last vce-col--xs-first vce-col--sm-last vce-col--sm-first vce-col--md-last vce-col--lg-last vce-col--xl-last vce-col--md-first vce-col--lg-first vce-col--xl-first\" id=\"el-1707f342\"><div class=\"vce-col-inner\" data-vce-do-apply=\"border margin background  el-1707f342\"><div class=\"vce-col-content\" data-vce-element-content=\"true\" data-vce-do-apply=\"padding el-1707f342\"><div class=\"vce-single-image-container full-width vce-single-image--align-center\"><div class=\"vce vce-single-image-wrapper\" id=\"el-8e5ca56a\" data-vce-do-apply=\"all el-8e5ca56a\"><figure><div class=\"vce-single-image-figure-inner\" style=\"width: 1440px;\"><div class=\"vce-single-image-inner vce-single-image--absolute\" style=\"width: 100%; padding-bottom: 48.5417%;\"><img decoding=\"async\" class=\"vce-single-image\" src=\"https:\/\/momentumpr.com\/wp-content\/uploads\/2024\/07\/Compaign-strategy.jpg\" data-img-src=\"https:\/\/momentumpr.com\/wp-content\/uploads\/2024\/07\/Compaign-strategy.jpg\" data-attachment-id=\"191\" alt=\"CAMPAIGN STRATEGY AND PLANNING\" title=\"Compaign strategy\"><\/div><\/div><figcaption hidden=\"\"><\/figcaption><\/figure><\/div><\/div><div class=\"vce-text-block service-txt \"><div class=\"vce-text-block-wrapper vce\" id=\"el-e7d4e928\" data-vce-do-apply=\"all el-e7d4e928\"><h2 class=\"uppercase pb-25\">STRAT\u00c9GIE ET PLANIFICATION DE CAMPAGNE<\/h2>\n<p class=\"pb-25\">Une activit\u00e9 promotionnelle et une couverture m\u00e9diatique sans une strat\u00e9gie intelligente atteindront rarement les objectifs de la campagne. Momentum PR travaille avec les \u00e9quipes de direction et les parties prenantes pour d\u00e9velopper de nouvelles strat\u00e9gies et messages en relations publiques, m\u00e9dias et communications marketing qui \u00e9tabliront un profil positif et productif pour votre organisation sur le march\u00e9.<\/p>\n<\/div><\/div><\/div><\/div><\/div><\/div><\/div><\/div><div class=\"vce-row-container\" data-vce-boxed-width=\"true\"><div class=\"vce-row vce-row--col-gap-30 pb-432 vce-row-equal-height vce-row-content--top\" id=\"el-6f5520d3\" data-vce-do-apply=\"all el-6f5520d3\"><div class=\"vce-row-content\" data-vce-element-content=\"true\"><div class=\"vce-col vce-col--md-auto vce-col--xs-1 vce-col--xs-last vce-col--xs-first vce-col--sm-last vce-col--sm-first vce-col--md-last vce-col--lg-last vce-col--xl-last vce-col--md-first vce-col--lg-first vce-col--xl-first\" id=\"el-d70df550\"><div class=\"vce-col-inner\" data-vce-do-apply=\"border margin background  el-d70df550\"><div class=\"vce-col-content\" data-vce-element-content=\"true\" data-vce-do-apply=\"padding el-d70df550\"><div class=\"vce-single-image-container full-width vce-single-image--align-center\"><div class=\"vce vce-single-image-wrapper\" id=\"el-1fb09c5c\" data-vce-do-apply=\"all el-1fb09c5c\"><figure><div class=\"vce-single-image-figure-inner\" style=\"width: 1440px;\"><div class=\"vce-single-image-inner vce-single-image--absolute\" style=\"width: 100%; padding-bottom: 48.5417%;\"><img decoding=\"async\" class=\"vce-single-image\" src=\"https:\/\/momentumpr.com\/wp-content\/uploads\/2024\/07\/Social-media.jpg\" data-img-src=\"https:\/\/momentumpr.com\/wp-content\/uploads\/2024\/07\/Social-media.jpg\" data-attachment-id=\"195\" alt=\"SOCIAL MEDIA - VIRAL NETWORKING\" title=\"Social media\"><\/div><\/div><figcaption hidden=\"\"><\/figcaption><\/figure><\/div><\/div><div class=\"vce-text-block service-txt2 \"><div class=\"vce-text-block-wrapper vce\" id=\"el-861f67f5\" data-vce-do-apply=\"all el-861f67f5\"><h2 class=\"uppercase pb-25\">M\u00c9DIAS SOCIAUX \/ R\u00c9SEAUTAGE VIRAL<\/h2>\n<p>Dans un environnement d'information num\u00e9rique, les r\u00e9seaux sociaux offrent une excellente opportunit\u00e9 de g\u00e9n\u00e9rer un nouvel int\u00e9r\u00eat. Ainsi, Momentum PR cr\u00e9e des profils sociaux de premier plan au nom de nos clients (c.-\u00e0-d. Facebook, Twitter, LinkedIn, etc.) et d\u00e9veloppe et distribue du contenu pertinent et r\u00e9cent, cr\u00e9ant une activit\u00e9 de r\u00e9seautage viral pour des publics qualifi\u00e9s, via des blogs, des forums, des vid\u00e9os et des podcasts. Le marketing des m\u00e9dias sociaux en ligne comprend une page Facebook, un compte Twitter et un compte LinkedIn. Tout le marketing en ligne est r\u00e9guli\u00e8rement mis \u00e0 jour pour refl\u00e9ter les d\u00e9veloppements de votre entreprise. De plus, Momentum d\u00e9vouera un professionnel du marketing pour promouvoir proactivement l'augmentation des adh\u00e9sions et des abonn\u00e9s.<\/p>\n<\/div><\/div><\/div><\/div><\/div><\/div><\/div><\/div><div class=\"vce-row-container\" data-vce-boxed-width=\"true\"><div class=\"vce-row vce-row--col-gap-30 pb-296 vce-row-equal-height vce-row-content--top\" id=\"el-78ccd3b5\" data-vce-do-apply=\"all el-78ccd3b5\"><div class=\"vce-row-content\" data-vce-element-content=\"true\"><div class=\"vce-col vce-col--md-auto vce-col--xs-1 vce-col--xs-last vce-col--xs-first vce-col--sm-last vce-col--sm-first vce-col--md-last vce-col--lg-last vce-col--xl-last vce-col--md-first vce-col--lg-first vce-col--xl-first\" id=\"el-a53899d6\"><div class=\"vce-col-inner\" data-vce-do-apply=\"border margin background  el-a53899d6\"><div class=\"vce-col-content\" data-vce-element-content=\"true\" data-vce-do-apply=\"padding el-a53899d6\"><div class=\"vce-single-image-container full-width vce-single-image--align-center\"><div class=\"vce vce-single-image-wrapper\" id=\"el-e5f64151\" data-vce-do-apply=\"all el-e5f64151\"><figure><div class=\"vce-single-image-figure-inner\" style=\"width: 1440px;\"><div class=\"vce-single-image-inner vce-single-image--absolute\" style=\"width: 100%; padding-bottom: 48.5417%;\"><img decoding=\"async\" class=\"vce-single-image\" src=\"https:\/\/momentumpr.com\/wp-content\/uploads\/2024\/07\/Media-relations.jpg\" data-img-src=\"https:\/\/momentumpr.com\/wp-content\/uploads\/2024\/07\/Media-relations.jpg\" data-attachment-id=\"198\" alt=\"MEDIA RELATIONS -CONTENT MANAGEMENT\" title=\"Media relations\"><\/div><\/div><figcaption hidden=\"\"><\/figcaption><\/figure><\/div><\/div><div class=\"vce-text-block service-txt  service3\"><div class=\"vce-text-block-wrapper vce\" id=\"el-1c12146e\" data-vce-do-apply=\"all el-1c12146e\"><h2 class=\"uppercase pb-25\">RELATIONS AVEC LES M\u00c9DIAS \/ GESTION DE CONTENU<\/h2>\n<p>Momentum PR fait progresser le d\u00e9veloppement r\u00e9ussi de la marque des entreprises clientes en produisant, pla\u00e7ant, g\u00e9rant et distribuant du contenu m\u00e9diatique cibl\u00e9 pour une couverture sur les canaux de nouvelles d'affaires pr\u00e9f\u00e9r\u00e9s et les plateformes de march\u00e9. Cela inclut des projets dans les m\u00e9dias de diffusion, imprim\u00e9s, en ligne et de nouveaux contenus multim\u00e9dias.<\/p>\n<\/div><\/div><\/div><\/div><\/div><\/div><\/div><\/div><div class=\"vce-row-container\" data-vce-boxed-width=\"true\"><div class=\"vce-row vce-row--col-gap-30 pb-305 vce-row-equal-height vce-row-content--top\" id=\"el-36cb153a\" data-vce-do-apply=\"all el-36cb153a\"><div class=\"vce-row-content\" data-vce-element-content=\"true\"><div class=\"vce-col vce-col--md-auto vce-col--xs-1 vce-col--xs-last vce-col--xs-first vce-col--sm-last vce-col--sm-first vce-col--md-last vce-col--lg-last vce-col--xl-last vce-col--md-first vce-col--lg-first vce-col--xl-first\" id=\"el-93664401\"><div class=\"vce-col-inner\" data-vce-do-apply=\"border margin background  el-93664401\"><div class=\"vce-col-content\" data-vce-element-content=\"true\" data-vce-do-apply=\"padding el-93664401\"><div class=\"vce-single-image-container full-width vce-single-image--align-center\"><div class=\"vce vce-single-image-wrapper\" id=\"el-198e389a\" data-vce-do-apply=\"all el-198e389a\"><figure><div class=\"vce-single-image-figure-inner\" style=\"width: 1440px;\"><div class=\"vce-single-image-inner vce-single-image--absolute\" style=\"width: 100%; padding-bottom: 48.5417%;\"><img decoding=\"async\" class=\"vce-single-image\" src=\"https:\/\/momentumpr.com\/wp-content\/uploads\/2024\/07\/Industry-events.jpg\" data-img-src=\"https:\/\/momentumpr.com\/wp-content\/uploads\/2024\/07\/Industry-events.jpg\" data-attachment-id=\"204\" alt=\"TRADESHOWS-INDUSTRY EVENTS\" title=\"Industry events\"><\/div><\/div><figcaption hidden=\"\"><\/figcaption><\/figure><\/div><\/div><div class=\"vce-text-block service-txt2 service4\"><div class=\"vce-text-block-wrapper vce\" id=\"el-8d1f8d81\" data-vce-do-apply=\"all el-8d1f8d81\"><h2 class=\"uppercase pb-25\">SALONS PROFESSIONNELS \/ \u00c9V\u00c9NEMENTS DE L'INDUSTRIE<\/h2>\n<p>Momentum soutient les entreprises clientes des secteurs des ressources, de la technologie, des sciences de la vie et des sciences biologiques en coordonnant et en fournissant du personnel pour les salons professionnels de l'industrie, les conf\u00e9rences d'investisseurs et les \u00e9v\u00e9nements m\u00e9diatiques. Momentum PR organise \u00e9galement des d\u00e9jeuners d'affaires, des \u00e9v\u00e9nements de prise de parole et des conf\u00e9rences en parall\u00e8le des principaux \u00e9v\u00e9nements pour d\u00e9velopper de nouvelles relations avec des contacts cl\u00e9s dans la communaut\u00e9 des courtiers.<\/p>\n<\/div><\/div><\/div><\/div><\/div><\/div><\/div><\/div><div class=\"vce-row-container\" data-vce-boxed-width=\"true\"><div class=\"vce-row vce-element--has-background vce-row--col-gap-30 vce-row-equal-height vce-row-content--top\" id=\"el-d4e0c845\" data-vce-do-apply=\"all el-d4e0c845\"><div class=\"vce-content-background-container\"><div class=\"vce-asset-background-simple-container vce-visible-all-only vce-asset-background-simple--style-cover vce-asset-background-simple--position-center-center\"><div class=\"vce-asset-background-simple\">\n              <div style='background-image: url(\"https:\/\/momentumpr.com\/wp-content\/uploads\/2024\/06\/bg-questions.jpg\");'  class=\"vce-asset-background-simple-item vcv-lozad\" ><\/div>\n              <noscript>\n                <div class=\"vce-asset-background-simple-item\" style=\"background-image: url(https:\/\/momentumpr.com\/wp-content\/uploads\/2024\/06\/bg-questions.jpg)\"><\/div>\n              <\/noscript>\n            <\/div><\/div><\/div><div class=\"vce-row-content\" data-vce-element-content=\"true\"><div class=\"vce-col vce-col--md-auto vce-col--xs-1 vce-col--xs-last vce-col--xs-first vce-col--sm-last vce-col--sm-first vce-col--md-last vce-col--lg-last vce-col--xl-last vce-col--md-first vce-col--lg-first vce-col--xl-first bloc-question\" id=\"el-5a0be6e5\"><div class=\"vce-col-inner\" data-vce-do-apply=\"border margin background  el-5a0be6e5\"><div class=\"vce-col-content\" data-vce-element-content=\"true\" data-vce-do-apply=\"padding el-5a0be6e5\"><div class=\"vce-row-container\" data-vce-boxed-width=\"true\"><div class=\"vce-row vce-row--col-gap-0 vce-row-equal-height vce-row-content--middle\" id=\"el-e8f72900\" data-vce-do-apply=\"all el-e8f72900\"><div class=\"vce-row-content\" data-vce-element-content=\"true\"><div class=\"vce-col vce-col--xs-61p vce-col--xs-visible vce-col--xs-first vce-col--sm-61p vce-col--sm-visible vce-col--sm-first vce-col--md-71p vce-col--md-visible vce-col--md-first vce-col--lg-71p vce-col--lg-visible vce-col--lg-first vce-col--xl-71p vce-col--xl-visible vce-col--xl-first no-pr pr-100\" id=\"el-7b573df8\"><div class=\"vce-col-inner\" data-vce-do-apply=\"border margin background  el-7b573df8\"><div class=\"vce-col-content\" data-vce-element-content=\"true\" data-vce-do-apply=\"padding el-7b573df8\"><div class=\"vce-text-block bold fs48 lh-60\"><div class=\"vce-text-block-wrapper vce\" id=\"el-ce3f72ab\" data-vce-do-apply=\"all el-ce3f72ab\"><p>Si vous avez des <span class=\"blue\">questions<\/span>, nous serons heureux d'y r\u00e9pondre.<\/p>\n<\/div><\/div><\/div><\/div><\/div><div class=\"vce-col vce-col--xs-auto vce-col--xs-visible vce-col--xs-last vce-col--sm-auto vce-col--sm-visible vce-col--sm-last vce-col--md-auto vce-col--md-visible vce-col--md-last vce-col--lg-auto vce-col--lg-visible vce-col--lg-last vce-col--xl-auto vce-col--xl-visible vce-col--xl-last\" id=\"el-0e67e732\"><div class=\"vce-col-inner\" data-vce-do-apply=\"border margin background  el-0e67e732\"><div class=\"vce-col-content\" data-vce-element-content=\"true\" data-vce-do-apply=\"padding el-0e67e732\"><div class=\"vce-text-block\"><div class=\"vce-text-block-wrapper vce\" id=\"el-13a4b4fe\" data-vce-do-apply=\"all el-13a4b4fe\"><p><a class=\"btn-contact\" href=\"\/fr\/contactez-nous\/\">Contactez-nous<\/a><\/p>\n<\/div><\/div><\/div><\/div><\/div><\/div><\/div><\/div><\/div><\/div><\/div><\/div><\/div><\/div>\n","protected":false},"excerpt":{"rendered":"<p>D\u00e9couvrez pourquoi nos services sont le meilleur choix pour vous STRAT\u00c9GIE ET PLANIFICATION DE CAMPAGNE Une activit\u00e9 promotionnelle et une couverture m\u00e9diatique sans une strat\u00e9gie intelligente atteindront rarement les objectifs de la campagne. Momentum PR travaille avec les \u00e9quipes de direction et les parties prenantes pour d\u00e9velopper de nouvelles strat\u00e9gies et messages en relations publiques, [&hellip;]<\/p>\n","protected":false},"author":1,"featured_media":0,"parent":0,"menu_order":0,"comment_status":"closed","ping_status":"closed","template":"","meta":{"_acf_changed":false,"content-type":"","footnotes":""},"class_list":["post-413","page","type-page","status-publish","hentry"],"acf":[],"yoast_head":"<!-- This site is optimized with the Yoast SEO plugin v27.2 - https:\/\/yoast.com\/product\/yoast-seo-wordpress\/ -->\n<title>Services - Momentum PR<\/title>\n<meta name=\"description\" content=\"Explorez nos services complets de relations publiques et communication pour atteindre vos objectifs strat\u00e9giques.\" \/>\n<meta name=\"robots\" content=\"index, follow, max-snippet:-1, max-image-preview:large, max-video-preview:-1\" \/>\n<link rel=\"canonical\" href=\"https:\/\/momentumpr.com\/fr\/services\/\" \/>\n<meta property=\"og:locale\" content=\"fr_FR\" \/>\n<meta property=\"og:type\" content=\"article\" \/>\n<meta property=\"og:title\" content=\"Services - Momentum PR\" \/>\n<meta property=\"og:description\" content=\"Explorez nos services complets de relations publiques et communication pour atteindre vos objectifs strat\u00e9giques.\" \/>\n<meta property=\"og:url\" content=\"https:\/\/momentumpr.com\/fr\/services\/\" \/>\n<meta property=\"og:site_name\" content=\"Momentum PR\" \/>\n<meta property=\"article:publisher\" content=\"https:\/\/www.facebook.com\/momentumpr.ca\/\" \/>\n<meta property=\"article:modified_time\" content=\"2024-07-08T09:36:07+00:00\" \/>\n<meta name=\"twitter:card\" content=\"summary_large_image\" \/>\n<meta name=\"twitter:site\" content=\"@Momentum_PR\" \/>\n<script type=\"application\/ld+json\" class=\"yoast-schema-graph\">{\"@context\":\"https:\/\/schema.org\",\"@graph\":[{\"@type\":\"WebPage\",\"@id\":\"https:\/\/momentumpr.com\/fr\/services\/\",\"url\":\"https:\/\/momentumpr.com\/fr\/services\/\",\"name\":\"Services - Momentum PR\",\"isPartOf\":{\"@id\":\"https:\/\/momentumpr.com\/fr\/#website\"},\"datePublished\":\"2024-06-27T15:09:33+00:00\",\"dateModified\":\"2024-07-08T09:36:07+00:00\",\"description\":\"Explorez nos services complets de relations publiques et communication pour atteindre vos objectifs strat\u00e9giques.\",\"breadcrumb\":{\"@id\":\"https:\/\/momentumpr.com\/fr\/services\/#breadcrumb\"},\"inLanguage\":\"fr-FR\",\"potentialAction\":[{\"@type\":\"ReadAction\",\"target\":[\"https:\/\/momentumpr.com\/fr\/services\/\"]}]},{\"@type\":\"BreadcrumbList\",\"@id\":\"https:\/\/momentumpr.com\/fr\/services\/#breadcrumb\",\"itemListElement\":[{\"@type\":\"ListItem\",\"position\":1,\"name\":\"Accueil\",\"item\":\"https:\/\/momentumpr.com\/fr\/\"},{\"@type\":\"ListItem\",\"position\":2,\"name\":\"Services\"}]},{\"@type\":\"WebSite\",\"@id\":\"https:\/\/momentumpr.com\/fr\/#website\",\"url\":\"https:\/\/momentumpr.com\/fr\/\",\"name\":\"Momentum PR\",\"description\":\"\",\"publisher\":{\"@id\":\"https:\/\/momentumpr.com\/fr\/#organization\"},\"potentialAction\":[{\"@type\":\"SearchAction\",\"target\":{\"@type\":\"EntryPoint\",\"urlTemplate\":\"https:\/\/momentumpr.com\/fr\/?s={search_term_string}\"},\"query-input\":{\"@type\":\"PropertyValueSpecification\",\"valueRequired\":true,\"valueName\":\"search_term_string\"}}],\"inLanguage\":\"fr-FR\"},{\"@type\":\"Organization\",\"@id\":\"https:\/\/momentumpr.com\/fr\/#organization\",\"name\":\"Momentum PR\",\"url\":\"https:\/\/momentumpr.com\/fr\/\",\"logo\":{\"@type\":\"ImageObject\",\"inLanguage\":\"fr-FR\",\"@id\":\"https:\/\/momentumpr.com\/fr\/#\/schema\/logo\/image\/\",\"url\":\"https:\/\/momentumpr.com\/wp-content\/uploads\/2024\/06\/Logo-Momentum.svg\",\"contentUrl\":\"https:\/\/momentumpr.com\/wp-content\/uploads\/2024\/06\/Logo-Momentum.svg\",\"width\":91,\"height\":70,\"caption\":\"Momentum PR\"},\"image\":{\"@id\":\"https:\/\/momentumpr.com\/fr\/#\/schema\/logo\/image\/\"},\"sameAs\":[\"https:\/\/www.facebook.com\/momentumpr.ca\/\",\"https:\/\/x.com\/Momentum_PR\",\"https:\/\/www.linkedin.com\/in\/momentum-pr-baa30b50\/\"]}]}<\/script>\n<!-- \/ Yoast SEO plugin. -->","yoast_head_json":{"title":"Services - Momentum PR","description":"Explorez nos services complets de relations publiques et communication pour atteindre vos objectifs strat\u00e9giques.","robots":{"index":"index","follow":"follow","max-snippet":"max-snippet:-1","max-image-preview":"max-image-preview:large","max-video-preview":"max-video-preview:-1"},"canonical":"https:\/\/momentumpr.com\/fr\/services\/","og_locale":"fr_FR","og_type":"article","og_title":"Services - Momentum PR","og_description":"Explorez nos services complets de relations publiques et communication pour atteindre vos objectifs strat\u00e9giques.","og_url":"https:\/\/momentumpr.com\/fr\/services\/","og_site_name":"Momentum PR","article_publisher":"https:\/\/www.facebook.com\/momentumpr.ca\/","article_modified_time":"2024-07-08T09:36:07+00:00","twitter_card":"summary_large_image","twitter_site":"@Momentum_PR","schema":{"@context":"https:\/\/schema.org","@graph":[{"@type":"WebPage","@id":"https:\/\/momentumpr.com\/fr\/services\/","url":"https:\/\/momentumpr.com\/fr\/services\/","name":"Services - Momentum PR","isPartOf":{"@id":"https:\/\/momentumpr.com\/fr\/#website"},"datePublished":"2024-06-27T15:09:33+00:00","dateModified":"2024-07-08T09:36:07+00:00","description":"Explorez nos services complets de relations publiques et communication pour atteindre vos objectifs strat\u00e9giques.","breadcrumb":{"@id":"https:\/\/momentumpr.com\/fr\/services\/#breadcrumb"},"inLanguage":"fr-FR","potentialAction":[{"@type":"ReadAction","target":["https:\/\/momentumpr.com\/fr\/services\/"]}]},{"@type":"BreadcrumbList","@id":"https:\/\/momentumpr.com\/fr\/services\/#breadcrumb","itemListElement":[{"@type":"ListItem","position":1,"name":"Accueil","item":"https:\/\/momentumpr.com\/fr\/"},{"@type":"ListItem","position":2,"name":"Services"}]},{"@type":"WebSite","@id":"https:\/\/momentumpr.com\/fr\/#website","url":"https:\/\/momentumpr.com\/fr\/","name":"Momentum PR","description":"","publisher":{"@id":"https:\/\/momentumpr.com\/fr\/#organization"},"potentialAction":[{"@type":"SearchAction","target":{"@type":"EntryPoint","urlTemplate":"https:\/\/momentumpr.com\/fr\/?s={search_term_string}"},"query-input":{"@type":"PropertyValueSpecification","valueRequired":true,"valueName":"search_term_string"}}],"inLanguage":"fr-FR"},{"@type":"Organization","@id":"https:\/\/momentumpr.com\/fr\/#organization","name":"Momentum PR","url":"https:\/\/momentumpr.com\/fr\/","logo":{"@type":"ImageObject","inLanguage":"fr-FR","@id":"https:\/\/momentumpr.com\/fr\/#\/schema\/logo\/image\/","url":"https:\/\/momentumpr.com\/wp-content\/uploads\/2024\/06\/Logo-Momentum.svg","contentUrl":"https:\/\/momentumpr.com\/wp-content\/uploads\/2024\/06\/Logo-Momentum.svg","width":91,"height":70,"caption":"Momentum PR"},"image":{"@id":"https:\/\/momentumpr.com\/fr\/#\/schema\/logo\/image\/"},"sameAs":["https:\/\/www.facebook.com\/momentumpr.ca\/","https:\/\/x.com\/Momentum_PR","https:\/\/www.linkedin.com\/in\/momentum-pr-baa30b50\/"]}]}},"_links":{"self":[{"href":"https:\/\/momentumpr.com\/fr\/wp-json\/wp\/v2\/pages\/413","targetHints":{"allow":["GET"]}}],"collection":[{"href":"https:\/\/momentumpr.com\/fr\/wp-json\/wp\/v2\/pages"}],"about":[{"href":"https:\/\/momentumpr.com\/fr\/wp-json\/wp\/v2\/types\/page"}],"author":[{"embeddable":true,"href":"https:\/\/momentumpr.com\/fr\/wp-json\/wp\/v2\/users\/1"}],"replies":[{"embeddable":true,"href":"https:\/\/momentumpr.com\/fr\/wp-json\/wp\/v2\/comments?post=413"}],"version-history":[{"count":0,"href":"https:\/\/momentumpr.com\/fr\/wp-json\/wp\/v2\/pages\/413\/revisions"}],"wp:attachment":[{"href":"https:\/\/momentumpr.com\/fr\/wp-json\/wp\/v2\/media?parent=413"}],"curies":[{"name":"wp","href":"https:\/\/api.w.org\/{rel}","templated":true}]}}